{"id":11112,"date":"2023-08-17T07:48:47","date_gmt":"2023-08-17T05:48:47","guid":{"rendered":"https:\/\/pandago.eco\/avviso-legale\/"},"modified":"2023-10-19T18:51:07","modified_gmt":"2023-10-19T16:51:07","slug":"avviso-legale","status":"publish","type":"page","link":"https:\/\/blog.pandago.eco\/it\/avviso-legale\/","title":{"rendered":"Avviso legale"},"content":{"rendered":"\t\t<div data-elementor-type=\"wp-page\" data-elementor-id=\"11112\" class=\"elementor elementor-11112 elementor-10080\" data-elementor-post-type=\"page\">\n\t\t\t\t<div class=\"elementor-element elementor-element-ac8e4eb e-flex e-con-boxed e-con e-parent\" data-id=\"ac8e4eb\" data-element_type=\"container\">\n\t\t\t\t\t<div class=\"e-con-inner\">\n\t\t\t\t\t<\/div>\n\t\t\t\t<\/div>\n\t\t<div class=\"elementor-element elementor-element-f8ae7f9 e-flex e-con-boxed e-con e-parent\" data-id=\"f8ae7f9\" data-element_type=\"container\">\n\t\t\t\t\t<div class=\"e-con-inner\">\n\t\t\t\t<div class=\"elementor-element elementor-element-e03794e elementor-widget elementor-widget-text-editor\" data-id=\"e03794e\" data-element_type=\"widget\" data-widget_type=\"text-editor.default\">\n\t\t\t\t<div class=\"elementor-widget-container\">\n\t\t\t\t\t\t\t\t\t<p>Il sito web <span style=\"text-decoration-line: underline;\"><br \/>\n  <a href=\"https:\/\/pandago.eco\/\">https:\/\/pandago.eco\/<\/a><br \/>\n<\/span> (di seguito denominato &#8220;il Sito&#8221;) \u00e8 gestito da:<\/p>\n<table>\n<tbody>\n<tr>\n<td>\n<p>Titolo:<\/p>\n<\/td>\n<td>\n<p>PandaGo, S.L.<\/p>\n<\/td>\n<\/tr>\n<tr>\n<td>\n<p>Indirizzo:<\/p>\n<\/td>\n<td>\n<p>Calle Conde de Pe\u00f1alver, 22 &#8211; 28006, Madrid.<\/p>\n<\/td>\n<\/tr>\n<tr>\n<td>\n<p>C.I.F.<\/p>\n<\/td>\n<td>\n<p>B &#8211; 88562459<\/p>\n<\/td>\n<\/tr>\n<tr>\n<td>\n<p>Iscrizione al Registro Mercantile di Madrid  <\/p>\n<\/td>\n<td>\n<p>Al volume 40120, folio 70, pagina M713015<\/p>\n<\/td>\n<\/tr>\n<tr>\n<td>\n<p>Contatto:<\/p>\n<\/td>\n<td>\n<p>Numero di telefono: (+34) 687 862 528<\/p>\n<p><span style=\"text-decoration-line: underline;\"><a href=\"mailto:info@pandago.eco\">info@pandago.eco<\/a><\/span> <\/p>\n<\/td>\n<\/tr>\n<\/tbody>\n<\/table>\n<h4> <\/h4>\n<h4><b>1. AMBITO DI APPLICAZIONE<\/b><\/h4>\n<p>Il presente Avviso Legale regola l&#8217;utilizzo del servizio del sito web <span style=\"text-decoration-line: underline;\"><br \/>\n  <a href=\"http:\/\/www.pandago.eco\/\">www.pandago.eco<\/a><br \/>\n<\/span> (di seguito, il &#8220;sito Web&#8221;) che PandaGo, S.L. mette a disposizione degli utenti di Internet.<\/p>\n<p>L&#8217;accesso, la navigazione e l&#8217;utilizzo del Sito implicano l&#8217;accettazione di tutte le clausole che compongono l&#8217;Avviso legale pubblicato in qualsiasi momento; l&#8217;utente \u00e8 pertanto invitato a leggere attentamente l&#8217;Avviso legale di volta in volta.  <\/p>\n<p>PandaGo, S.L. pu\u00f2 stabilire Termini e condizioni specifici che regolano l&#8217;uso dei servizi offerti agli utenti attraverso il sito web.<\/p>\n<p>Il sito web \u00e8 destinato esclusivamente a un pubblico di et\u00e0 superiore ai 18 anni.<\/p>\n<h4> <\/h4>\n<h4><b>2. UTILIZZO DEL SITO WEB<\/b><\/h4>\n<p>L&#8217;Utente si impegna a fare un uso legittimo del Sito e si impegna a non utilizzarlo per svolgere attivit\u00e0 contrarie alla legge, al buon costume e all&#8217;ordine pubblico.  <\/p>\n<p>In particolare, l&#8217;Utente si asterr\u00e0 da:  <\/p>\n<ul>\n<li aria-level=\"1\">Riprodurre o copiare, distribuire, consentire l&#8217;accesso pubblico attraverso qualsiasi forma di comunicazione pubblica, trasformare o modificare i contenuti, a meno che non sia autorizzato dal titolare dei diritti corrispondenti o sia legalmente consentito;  <\/li>\n<li aria-level=\"1\">Fare uso commerciale o realizzare attivit\u00e0 pubblicitarie che comportino o possano comportare frodi per il destinatario, in particolare quelle realizzate usurpando l&#8217;identit\u00e0 di PandaGo, S.L., nell&#8217;invio di e-mail o altre e-mail che abbiano l&#8217;aspetto di essere collegate a questo sito web.<\/li>\n<li aria-level=\"1\">Fornire informazioni personali su di s\u00e9 o in relazione all&#8217;uso e all&#8217;accesso al Sito che non siano veritiere o siano state ottenute illegalmente.<\/li>\n<\/ul>\n<p>In questo senso, PandaGo, S.L. si riserva il diritto di interrompere la fornitura del servizio di informazione attraverso questo sito web per quegli utenti che contravvengono alle suddette regole e\/o linee guida e di interrompere immediatamente e unilateralmente il rapporto con l&#8217;utente.  <\/p>\n<h4> <\/h4>\n<h4><b>3. PROPRIET\u00c0 INTELLETTUALE E COPYRIGHT.  <\/b><\/h4>\n<p>Tutti i contenuti inclusi in questo sito web (intesi come &#8220;contenuti&#8221; testi, grafici, disegni, progetti, codici, software, fotografie, musica, video, suoni, database, immagini, espressioni e informazioni), cos\u00ec come il loro codice sorgente, costituiscono un&#8217;opera la cui propriet\u00e0 intellettuale appartiene a PandaGo, S.L. Gli utenti che accedono a questo sito web possono visualizzare le informazioni in esso contenute ed effettuare download o riproduzioni private sul proprio sistema informatico, a condizione che gli elementi riprodotti non vengano successivamente trasferiti a terzi o installati su un server connesso a Internet o a una rete informatica locale. Sono vietate la riproduzione, la distribuzione, la comunicazione pubblica e qualsiasi altro atto non espressamente autorizzato dal titolare dei diritti di sfruttamento. La violazione di uno dei suddetti diritti pu\u00f2 costituire una violazione delle presenti disposizioni, nonch\u00e9 un reato punibile ai sensi degli articoli 270 e seguenti del Codice Penale vigente.<\/p>\n<p>PandaGo e i suoi loghi sono di propriet\u00e0 di PandaGo, S.L. Qualsiasi uso degli stessi \u00e8 severamente vietato senza l&#8217;espressa autorizzazione del proprietario.  <\/p>\n<p>pandago.eco \u00e8 un nome di dominio registrato da PandaGo, S.L. I nomi di dominio di PandaGo, S.L. non possono essere utilizzati in relazione a prodotti o servizi diversi da quelli di tale azienda e non possono essere utilizzati in alcun modo che possa causare confusione tra i nostri clienti o screditare PandaGo, S.L.<\/p>\n<p>\u00c8 possibile che il Web incorpori contenuti di terze parti per i quali PandaGo, S.L. ha la licenza o l&#8217;assegnazione corrispondente. La riproduzione, la distribuzione, la trasformazione o la comunicazione pubblica di tali contenuti da parte di terzi richiede inoltre l&#8217;autorizzazione del titolare.  <\/p>\n<h4> <\/h4>\n<h4><b>4. COLLEGAMENTI<\/b><\/h4>\n<p>\u00c8 vietato qualsiasi link o collegamento ipertestuale o di natura simile che reindirizzi, da una pagina esterna, al nostro sito web senza il previo ed espresso consenso di PandaGo, S.L..  <\/p>\n<p>Quando l&#8217;utente accede a collegamenti sul sito Web che lo reindirizzano a siti Web di terze parti, PandaGo, S.L. non pu\u00f2 essere ritenuta responsabile per il contenuto o le misure adottate, in quanto tali siti Web non sono gestiti dalla nostra azienda. Vi ricordiamo che \u00e8 vostra responsabilit\u00e0 prendere visione delle note legali e delle politiche sulla privacy dei siti web che visitate.  <\/p>\n<p>La creazione di qualsiasi tipo di collegamento dal Web a un altro sito Web esterno non implica l&#8217;esistenza di alcun tipo di rapporto, collaborazione o dipendenza tra PandaGo, S.L. e la parte responsabile di tale sito Web.<\/p>\n<h4> <\/h4>\n<h4><b>5. LIMITAZIONE DI RESPONSABILIT\u00c0<\/b><\/h4>\n<p>PandaGo, S.L. \u00e8 esonerata da qualsiasi responsabilit\u00e0 derivante da:<\/p>\n<ol>\n<li aria-level=\"1\">Guasti al sito web dovuti a cause di forza maggiore, atti di Dio o altre cause non imputabili alla societ\u00e0.<\/li>\n<li aria-level=\"1\">Problemi tecnici e\/o meccanici o virus prodotti durante la connessione a Internet (attraverso il sito web di PandaGo, S.L. o piattaforme di terze parti), nei sistemi informatici (software e hardware) o nei documenti elettronici e nei file memorizzati nell&#8217;apparecchiatura informatica.<\/li>\n<li aria-level=\"1\">L&#8217;accesso da parte dei minori ai contenuti inclusi nel Sito web, essendo responsabilit\u00e0 dei genitori o dei tutori esercitare un controllo adeguato sull&#8217;attivit\u00e0 dei figli minori a loro affidati.<\/li>\n<li aria-level=\"1\">La discordanza tra le informazioni offerte sul Web e la realt\u00e0.  <\/li>\n<li aria-level=\"1\">Comunicazioni che, includendo il nome di PandaGo, non sono state precedentemente autorizzate da PandaGo. A tal fine, vi informiamo che tutte le comunicazioni relative ad azioni o inviti a partecipare a qualsiasi evento legato al marchio saranno sempre pubblicate sul sito web ufficiale.<\/li>\n<\/ol>\n<h4> <\/h4>\n<h4><b>6. SERVIZIO UTENTE<\/b><\/h4>\n<p>In caso di dubbi, suggerimenti, domande o reclami relativi al sito web, \u00e8 possibile contattare il dipartimento Servizi agli utenti tramite uno dei seguenti mezzi: e-mail: <span style=\"text-decoration-line: underline;\"><br \/>\n  <a href=\"mailto:info@pandago.eco\">info@pandago.eco<\/a><br \/>\n<\/span> o per posta al seguente indirizzo: PandaGo, S.L., Calle Conde de Pe\u00f1alver,22 &#8211; 28006 (Madrid).<\/p>\n<p>Il Servizio clienti di PandaGo, S.L. si occuper\u00e0 e risponder\u00e0 al reclamo dell&#8217;utente nel pi\u00f9 breve tempo possibile e in ogni caso entro un periodo massimo di un mese. Nel caso in cui la richiesta non venga risolta in modo soddisfacente, \u00e8 possibile rivolgersi all&#8217;autorit\u00e0 giudiziaria ordinaria o presentare il reclamo attraverso il sito web <a href=\"http:\/\/ec.europa.eu\/odr\"><br \/>\n  <b><br \/>\n    <span style=\"text-decoration-line: underline;\">http:\/\/ec.europa.eu\/odr<\/span><br \/>\n  <\/b><br \/>\n<\/a>che fornir\u00e0 un unico punto di accesso per la risoluzione extragiudiziale gratuita.<\/p>\n<h4> <\/h4>\n<h4><b>7. MODIFICA DELLE CONDIZIONI<\/b><\/h4>\n<p>PandaGo, S.L., pu\u00f2 modificare il presente Avviso legale senza effettuare la comunicazione agli utenti, requisito che le parti concordano espressamente che si intende soddisfatto con la pubblicazione delle variazioni attraverso il Web.<\/p>\n<p>Ultima versione: settembre 2023<\/p>\n\t\t\t\t\t\t\t\t<\/div>\n\t\t\t\t<\/div>\n\t\t\t\t\t<\/div>\n\t\t\t\t<\/div>\n\t\t\t\t<\/div>\n\t\t","protected":false},"excerpt":{"rendered":"<p>Il sito web https:\/\/pandago.eco\/ (di seguito denominato &#8220;il Sito&#8221;) \u00e8 gestito da: Titolo: PandaGo, S.L. Indirizzo: Calle Conde de Pe\u00f1alver, 22 &#8211; 28006, Madrid. C.I.F. B &#8211; 88562459 Iscrizione al Registro Mercantile di Madrid Al volume 40120, folio 70, pagina M713015 Contatto: Numero di telefono: (+34) 687 862 528 info@pandago.eco 1. AMBITO DI APPLICAZIONE Il [&hellip;]<\/p>\n","protected":false},"author":1,"featured_media":0,"parent":0,"menu_order":0,"comment_status":"closed","ping_status":"closed","template":"","meta":{"content-type":"","footnotes":""},"class_list":["post-11112","page","type-page","status-publish","hentry"],"yoast_head":"<!-- This site is optimized with the Yoast SEO plugin v27.5 - https:\/\/yoast.com\/product\/yoast-seo-wordpress\/ -->\n<title>Avviso legale - PandaGo<\/title>\n<meta name=\"robots\" content=\"index, follow, max-snippet:-1, max-image-preview:large, max-video-preview:-1\" \/>\n<link rel=\"canonical\" href=\"https:\/\/blog.pandago.eco\/aviso-legal\/\" \/>\n<meta property=\"og:locale\" content=\"it_IT\" \/>\n<meta property=\"og:type\" content=\"article\" \/>\n<meta property=\"og:title\" content=\"Avviso legale - PandaGo\" \/>\n<meta property=\"og:description\" content=\"Il sito web https:\/\/pandago.eco\/ (di seguito denominato &#8220;il Sito&#8221;) \u00e8 gestito da: Titolo: PandaGo, S.L. Indirizzo: Calle Conde de Pe\u00f1alver, 22 &#8211; 28006, Madrid. C.I.F. B &#8211; 88562459 Iscrizione al Registro Mercantile di Madrid Al volume 40120, folio 70, pagina M713015 Contatto: Numero di telefono: (+34) 687 862 528 info@pandago.eco 1. AMBITO DI APPLICAZIONE Il [&hellip;]\" \/>\n<meta property=\"og:url\" content=\"https:\/\/blog.pandago.eco\/aviso-legal\/\" \/>\n<meta property=\"og:site_name\" content=\"PandaGo\" \/>\n<meta property=\"article:publisher\" content=\"https:\/\/www.facebook.com\/pandago.eco\" \/>\n<meta property=\"article:modified_time\" content=\"2023-10-19T16:51:07+00:00\" \/>\n<meta name=\"twitter:card\" content=\"summary_large_image\" \/>\n<meta name=\"twitter:label1\" content=\"Tempo di lettura stimato\" \/>\n\t<meta name=\"twitter:data1\" content=\"6 minuti\" \/>\n<script type=\"application\/ld+json\" class=\"yoast-schema-graph\">{\"@context\":\"https:\\\/\\\/schema.org\",\"@graph\":[{\"@type\":\"WebPage\",\"@id\":\"https:\\\/\\\/blog.pandago.eco\\\/aviso-legal\\\/\",\"url\":\"https:\\\/\\\/blog.pandago.eco\\\/aviso-legal\\\/\",\"name\":\"Avviso legale - PandaGo\",\"isPartOf\":{\"@id\":\"https:\\\/\\\/blog.pandago.eco\\\/#website\"},\"datePublished\":\"2023-08-17T05:48:47+00:00\",\"dateModified\":\"2023-10-19T16:51:07+00:00\",\"breadcrumb\":{\"@id\":\"https:\\\/\\\/blog.pandago.eco\\\/aviso-legal\\\/#breadcrumb\"},\"inLanguage\":\"it-IT\",\"potentialAction\":[{\"@type\":\"ReadAction\",\"target\":[\"https:\\\/\\\/blog.pandago.eco\\\/aviso-legal\\\/\"]}]},{\"@type\":\"BreadcrumbList\",\"@id\":\"https:\\\/\\\/blog.pandago.eco\\\/aviso-legal\\\/#breadcrumb\",\"itemListElement\":[{\"@type\":\"ListItem\",\"position\":1,\"name\":\"Portada\",\"item\":\"https:\\\/\\\/blog.pandago.eco\\\/blog\\\/\"},{\"@type\":\"ListItem\",\"position\":2,\"name\":\"Avviso legale\"}]},{\"@type\":\"WebSite\",\"@id\":\"https:\\\/\\\/blog.pandago.eco\\\/#website\",\"url\":\"https:\\\/\\\/blog.pandago.eco\\\/\",\"name\":\"PandaGo\",\"description\":\"\",\"publisher\":{\"@id\":\"https:\\\/\\\/blog.pandago.eco\\\/#organization\"},\"potentialAction\":[{\"@type\":\"SearchAction\",\"target\":{\"@type\":\"EntryPoint\",\"urlTemplate\":\"https:\\\/\\\/blog.pandago.eco\\\/?s={search_term_string}\"},\"query-input\":{\"@type\":\"PropertyValueSpecification\",\"valueRequired\":true,\"valueName\":\"search_term_string\"}}],\"inLanguage\":\"it-IT\"},{\"@type\":\"Organization\",\"@id\":\"https:\\\/\\\/blog.pandago.eco\\\/#organization\",\"name\":\"PandaGo\",\"url\":\"https:\\\/\\\/blog.pandago.eco\\\/\",\"logo\":{\"@type\":\"ImageObject\",\"inLanguage\":\"it-IT\",\"@id\":\"https:\\\/\\\/blog.pandago.eco\\\/#\\\/schema\\\/logo\\\/image\\\/\",\"url\":\"https:\\\/\\\/blog.pandago.eco\\\/wp-content\\\/uploads\\\/2023\\\/08\\\/logo.png\",\"contentUrl\":\"https:\\\/\\\/blog.pandago.eco\\\/wp-content\\\/uploads\\\/2023\\\/08\\\/logo.png\",\"width\":287,\"height\":72,\"caption\":\"PandaGo\"},\"image\":{\"@id\":\"https:\\\/\\\/blog.pandago.eco\\\/#\\\/schema\\\/logo\\\/image\\\/\"},\"sameAs\":[\"https:\\\/\\\/www.facebook.com\\\/pandago.eco\",\"https:\\\/\\\/www.instagram.com\\\/pandago.eco\\\/\",\"https:\\\/\\\/linkedin.com\\\/company\\\/pandago\"]}]}<\/script>\n<!-- \/ Yoast SEO plugin. -->","yoast_head_json":{"title":"Avviso legale - PandaGo","robots":{"index":"index","follow":"follow","max-snippet":"max-snippet:-1","max-image-preview":"max-image-preview:large","max-video-preview":"max-video-preview:-1"},"canonical":"https:\/\/blog.pandago.eco\/aviso-legal\/","og_locale":"it_IT","og_type":"article","og_title":"Avviso legale - PandaGo","og_description":"Il sito web https:\/\/pandago.eco\/ (di seguito denominato &#8220;il Sito&#8221;) \u00e8 gestito da: Titolo: PandaGo, S.L. Indirizzo: Calle Conde de Pe\u00f1alver, 22 &#8211; 28006, Madrid. C.I.F. B &#8211; 88562459 Iscrizione al Registro Mercantile di Madrid Al volume 40120, folio 70, pagina M713015 Contatto: Numero di telefono: (+34) 687 862 528 info@pandago.eco 1. AMBITO DI APPLICAZIONE Il [&hellip;]","og_url":"https:\/\/blog.pandago.eco\/aviso-legal\/","og_site_name":"PandaGo","article_publisher":"https:\/\/www.facebook.com\/pandago.eco","article_modified_time":"2023-10-19T16:51:07+00:00","twitter_card":"summary_large_image","twitter_misc":{"Tempo di lettura stimato":"6 minuti"},"schema":{"@context":"https:\/\/schema.org","@graph":[{"@type":"WebPage","@id":"https:\/\/blog.pandago.eco\/aviso-legal\/","url":"https:\/\/blog.pandago.eco\/aviso-legal\/","name":"Avviso legale - PandaGo","isPartOf":{"@id":"https:\/\/blog.pandago.eco\/#website"},"datePublished":"2023-08-17T05:48:47+00:00","dateModified":"2023-10-19T16:51:07+00:00","breadcrumb":{"@id":"https:\/\/blog.pandago.eco\/aviso-legal\/#breadcrumb"},"inLanguage":"it-IT","potentialAction":[{"@type":"ReadAction","target":["https:\/\/blog.pandago.eco\/aviso-legal\/"]}]},{"@type":"BreadcrumbList","@id":"https:\/\/blog.pandago.eco\/aviso-legal\/#breadcrumb","itemListElement":[{"@type":"ListItem","position":1,"name":"Portada","item":"https:\/\/blog.pandago.eco\/blog\/"},{"@type":"ListItem","position":2,"name":"Avviso legale"}]},{"@type":"WebSite","@id":"https:\/\/blog.pandago.eco\/#website","url":"https:\/\/blog.pandago.eco\/","name":"PandaGo","description":"","publisher":{"@id":"https:\/\/blog.pandago.eco\/#organization"},"potentialAction":[{"@type":"SearchAction","target":{"@type":"EntryPoint","urlTemplate":"https:\/\/blog.pandago.eco\/?s={search_term_string}"},"query-input":{"@type":"PropertyValueSpecification","valueRequired":true,"valueName":"search_term_string"}}],"inLanguage":"it-IT"},{"@type":"Organization","@id":"https:\/\/blog.pandago.eco\/#organization","name":"PandaGo","url":"https:\/\/blog.pandago.eco\/","logo":{"@type":"ImageObject","inLanguage":"it-IT","@id":"https:\/\/blog.pandago.eco\/#\/schema\/logo\/image\/","url":"https:\/\/blog.pandago.eco\/wp-content\/uploads\/2023\/08\/logo.png","contentUrl":"https:\/\/blog.pandago.eco\/wp-content\/uploads\/2023\/08\/logo.png","width":287,"height":72,"caption":"PandaGo"},"image":{"@id":"https:\/\/blog.pandago.eco\/#\/schema\/logo\/image\/"},"sameAs":["https:\/\/www.facebook.com\/pandago.eco","https:\/\/www.instagram.com\/pandago.eco\/","https:\/\/linkedin.com\/company\/pandago"]}]}},"_links":{"self":[{"href":"https:\/\/blog.pandago.eco\/it\/wp-json\/wp\/v2\/pages\/11112","targetHints":{"allow":["GET"]}}],"collection":[{"href":"https:\/\/blog.pandago.eco\/it\/wp-json\/wp\/v2\/pages"}],"about":[{"href":"https:\/\/blog.pandago.eco\/it\/wp-json\/wp\/v2\/types\/page"}],"author":[{"embeddable":true,"href":"https:\/\/blog.pandago.eco\/it\/wp-json\/wp\/v2\/users\/1"}],"replies":[{"embeddable":true,"href":"https:\/\/blog.pandago.eco\/it\/wp-json\/wp\/v2\/comments?post=11112"}],"version-history":[{"count":5,"href":"https:\/\/blog.pandago.eco\/it\/wp-json\/wp\/v2\/pages\/11112\/revisions"}],"predecessor-version":[{"id":15495,"href":"https:\/\/blog.pandago.eco\/it\/wp-json\/wp\/v2\/pages\/11112\/revisions\/15495"}],"wp:attachment":[{"href":"https:\/\/blog.pandago.eco\/it\/wp-json\/wp\/v2\/media?parent=11112"}],"curies":[{"name":"wp","href":"https:\/\/api.w.org\/{rel}","templated":true}]}}